{"id":272,"date":"2024-04-04T21:15:58","date_gmt":"2024-04-04T19:15:58","guid":{"rendered":"https:\/\/fraganciahuelva.com\/?page_id=272"},"modified":"2024-04-07T19:22:58","modified_gmt":"2024-04-07T17:22:58","slug":"politicas-de-privacidad","status":"publish","type":"page","link":"https:\/\/fraganciahuelva.com\/index.php\/politicas-de-privacidad\/","title":{"rendered":"Politicas de privacidad"},"content":{"rendered":"\n<h2 class=\"wp-block-heading\">POL\u00cdTICA DE PRIVACIDAD<\/h2>\n\n\n\n<h3 class=\"wp-block-heading\">\u00bfQui\u00e9n es el Responsable del tratamiento de sus datos?<\/h3>\n\n\n\n<p><strong>Identidad<\/strong>: Fragancia huelva<\/p>\n\n\n\n<p><strong>CIF \/ NIF<\/strong>: 48917372y<\/p>\n\n\n\n<p><strong>Correo electr\u00f3nico<\/strong>:\u00a0fraganciahuelva@gmail.com<\/p>\n\n\n\n<p><strong>Tel\u00e9fono<\/strong>: +34 665 36 24 81<\/p>\n\n\n\n<h3 class=\"wp-block-heading\">\u00bfCon qu\u00e9 finalidad tratamos sus datos personales?<\/h3>\n\n\n\n<p>En Fragancia huelva tratamos la informaci\u00f3n que nos facilitan las personas interesadas con el fin de enviar informaci\u00f3n sobre nuestros productos\u00a0propiedad de Fragancia huelva\u00a0y mantener contacto directo por correo electr\u00f3nico o llamada telef\u00f3nica. Tambi\u00e9n tratamos la informaci\u00f3n facilitada para la ejecuci\u00f3n de contratos de venta de aromas\u00a0que oferta Fragancia huelva, cuando se den estos casos.<\/p>\n\n\n\n<p>Con el fin de poder ofrecerle productos y servicios de acuerdo con sus intereses, crearemos un &#8220;perfil comercial&#8221;, en base a la informaci\u00f3n facilitada. No se tomar\u00e1n decisiones automatizadas en base a dicho perfil.<\/p>\n\n\n\n<h3 class=\"wp-block-heading\">\u00bfPor cu\u00e1nto tiempo conservaremos sus datos?<\/h3>\n\n\n\n<p>Los datos personales proporcionados se conservar\u00e1n mientras se mantenga la relaci\u00f3n mercantil o no se solicite su supresi\u00f3n por el interesado durante un plazo de 2&nbsp;a\u00f1os a partir de la \u00faltima confirmaci\u00f3n de inter\u00e9s.<\/p>\n\n\n\n<h3 class=\"wp-block-heading\">\u00bfCu\u00e1l es la legitimaci\u00f3n para el tratamiento de sus datos?<\/h3>\n\n\n\n<p>La base legal para el tratamiento de sus datos es la ejecuci\u00f3n del contrato de aromas&nbsp;solicitados que figura en su cartera de pedidos, seg\u00fan los t\u00e9rminos y condiciones que constan en la p\u00e1gina de contrataci\u00f3n de su pedido.<\/p>\n\n\n\n<p>El env\u00edo de productos arom\u00e1ticos\u00a0que oferta Fragancia huelva, est\u00e1n basadas en el consentimiento que se le solicita, sin que en ning\u00fan caso la retirada de este consentimiento condicione la ejecuci\u00f3n del contrato de suscripci\u00f3n y\/o los servicios de consultor\u00eda.<\/p>\n\n\n\n<h3 class=\"wp-block-heading\">\u00bfA qu\u00e9 destinatarios se comunicar\u00e1n sus datos?<\/h3>\n\n\n\n<p>Fragancias huelva s\u00f3lo comunicar\u00e1 tus datos personales a las siguientes entidades:<\/p>\n\n\n\n<ul class=\"wp-block-list\">\n<li>Empresa de Transporte<\/li>\n\n\n\n<li>Entidades bancarias.<\/li>\n<\/ul>\n\n\n\n<h3 class=\"wp-block-heading\">\u00bfCu\u00e1les son sus derechos cuando nos facilita sus datos?<\/h3>\n\n\n\n<p>Cualquier persona tiene derecho a obtener confirmaci\u00f3n sobre si en Fragancia huelva estamos tratando datos personales que les concierne, o no.<\/p>\n\n\n\n<p>Las personas interesadas tienen derecho a acceder a sus datos personales, as\u00ed como a solicitar la rectificaci\u00f3n de los datos inexactos o, en su caso, solicitar su supresi\u00f3n cuando, entre otros motivos, los datos ya no sean necesarios para los fines que fueron recogidos.<\/p>\n\n\n\n<p>En determinadas circunstancias, los interesados podr\u00e1n solicitar la limitaci\u00f3n del tratamiento de sus datos, en cuyo caso \u00fanicamente los conservaremos para el ejercicio o la defensa de reclamaciones.<\/p>\n\n\n\n<p>En determinadas circunstancias y por motivos relacionados con su situaci\u00f3n particular, los interesados podr\u00e1n oponerse al tratamiento de sus datos. Fragancia huelva dejar\u00e1 de tratar los datos, salvo por motivos leg\u00edtimos imperiosos, o el ejercicio o la defensa de posibles reclamaciones.<\/p>\n\n\n\n<p>Las personas interesadas tienen derecho a la portabilidad de sus datos personales. Fragancia huelva\u00a0facilita este derecho al interesado que desee ejercerlo.<\/p>\n\n\n\n<p>El interesado puede ejercer materialmente estos derechos mediante los enlaces de acceso que est\u00e1n disponibles en los correos electr\u00f3nicos recibidos por parte de Fragancia huelva\u00a0o solicitando la ejecuci\u00f3n de cualquiera de los derechos mencionados dirigi\u00e9ndose por correo electr\u00f3nico a fraganciahuelva@gmail.com. Opcionalmente, puede redirigir el interesado a la Autoridad de Control competente para obtener informaci\u00f3n adicional acerca de sus derechos.<\/p>\n\n\n\n<p>El interesado tiene derecho a retirar el consentimiento concedido para recibir informaci\u00f3n de marketing y\/o newsletter en cualquier momento, sin que ello afecte a la licitud del tratamiento basado en el consentimiento previo a su retirada.<\/p>\n\n\n\n<p>El interesado pueden presentar una reclamaci\u00f3n ante la Autoridad de Control en materia de Protecci\u00f3n de Datos competente, especialmente cuando no haya obtenido satisfacci\u00f3n en el ejercicio de sus derechos por parte de Fragancia huelva.\u00a0<\/p>\n","protected":false},"excerpt":{"rendered":"<p>POL\u00cdTICA DE PRIVACIDAD \u00bfQui\u00e9n es el Responsable del tratamiento de sus datos? Identidad: Fragancia huelva CIF \/ NIF: 48917372y Correo [&hellip;]<\/p>\n","protected":false},"author":1,"featured_media":0,"parent":0,"menu_order":0,"comment_status":"closed","ping_status":"closed","template":"","meta":{"site-sidebar-layout":"default","site-content-layout":"","ast-site-content-layout":"","site-content-style":"default","site-sidebar-style":"default","ast-global-header-display":"","ast-banner-title-visibility":"","ast-main-header-display":"","ast-hfb-above-header-display":"","ast-hfb-below-header-display":"","ast-hfb-mobile-header-display":"","site-post-title":"","ast-breadcrumbs-content":"","ast-featured-img":"","footer-sml-layout":"","theme-transparent-header-meta":"","adv-header-id-meta":"","stick-header-meta":"","header-above-stick-meta":"","header-main-stick-meta":"","header-below-stick-meta":"","astra-migrate-meta-layouts":"default","ast-page-background-enabled":"default","ast-page-background-meta":{"desktop":{"background-color":"var(--ast-global-color-4)","background-image":"","background-repeat":"repeat","background-position":"center center","background-size":"auto","background-attachment":"scroll","background-type":"","background-media":"","overlay-type":"","overlay-color":"","overlay-opacity":"","overlay-gradient":""},"tablet":{"background-color":"","background-image":"","background-repeat":"repeat","background-position":"center center","background-size":"auto","background-attachment":"scroll","background-type":"","background-media":"","overlay-type":"","overlay-color":"","overlay-opacity":"","overlay-gradient":""},"mobile":{"background-color":"","background-image":"","background-repeat":"repeat","background-position":"center center","background-size":"auto","background-attachment":"scroll","background-type":"","background-media":"","overlay-type":"","overlay-color":"","overlay-opacity":"","overlay-gradient":""}},"ast-content-background-meta":{"desktop":{"background-color":"var(--ast-global-color-5)","background-image":"","background-repeat":"repeat","background-position":"center center","background-size":"auto","background-attachment":"scroll","background-type":"","background-media":"","overlay-type":"","overlay-color":"","overlay-opacity":"","overlay-gradient":""},"tablet":{"background-color":"var(--ast-global-color-5)","background-image":"","background-repeat":"repeat","background-position":"center center","background-size":"auto","background-attachment":"scroll","background-type":"","background-media":"","overlay-type":"","overlay-color":"","overlay-opacity":"","overlay-gradient":""},"mobile":{"background-color":"var(--ast-global-color-5)","background-image":"","background-repeat":"repeat","background-position":"center center","background-size":"auto","background-attachment":"scroll","background-type":"","background-media":"","overlay-type":"","overlay-color":"","overlay-opacity":"","overlay-gradient":""}},"_joinchat":[],"footnotes":""},"class_list":["post-272","page","type-page","status-publish","hentry"],"_links":{"self":[{"href":"https:\/\/fraganciahuelva.com\/index.php\/wp-json\/wp\/v2\/pages\/272","targetHints":{"allow":["GET"]}}],"collection":[{"href":"https:\/\/fraganciahuelva.com\/index.php\/wp-json\/wp\/v2\/pages"}],"about":[{"href":"https:\/\/fraganciahuelva.com\/index.php\/wp-json\/wp\/v2\/types\/page"}],"author":[{"embeddable":true,"href":"https:\/\/fraganciahuelva.com\/index.php\/wp-json\/wp\/v2\/users\/1"}],"replies":[{"embeddable":true,"href":"https:\/\/fraganciahuelva.com\/index.php\/wp-json\/wp\/v2\/comments?post=272"}],"version-history":[{"count":3,"href":"https:\/\/fraganciahuelva.com\/index.php\/wp-json\/wp\/v2\/pages\/272\/revisions"}],"predecessor-version":[{"id":453,"href":"https:\/\/fraganciahuelva.com\/index.php\/wp-json\/wp\/v2\/pages\/272\/revisions\/453"}],"wp:attachment":[{"href":"https:\/\/fraganciahuelva.com\/index.php\/wp-json\/wp\/v2\/media?parent=272"}],"curies":[{"name":"wp","href":"https:\/\/api.w.org\/{rel}","templated":true}]}}