{"id":274,"date":"2024-04-04T21:17:57","date_gmt":"2024-04-04T19:17:57","guid":{"rendered":"https:\/\/fraganciahuelva.com\/?page_id=274"},"modified":"2024-04-08T13:27:57","modified_gmt":"2024-04-08T11:27:57","slug":"condiciones-de-uso","status":"publish","type":"page","link":"https:\/\/fraganciahuelva.com\/index.php\/condiciones-de-uso\/","title":{"rendered":"CONDICIONES DE USO"},"content":{"rendered":"\n<p>OBJETO<\/p>\n\n\n\n<p>Las presentes Condiciones Generales de Uso (en adelante, las &#8220;Condiciones Generales&#8221;) regulan el uso del sitio web <a>www.fraganciahuelva.com\u00a0<\/a>(en adelante, el Sitio Web) que Fragancia Huelva (en adelante &#8220;Fragancia Huelva&#8221;), pone a disposici\u00f3n de las personas que accedan a su Sitio Web con el fin de proporcionales informaci\u00f3n sobre productos y servicios, propios y\/o de terceros colaboradores, y facilitarles el acceso a los mismos, as\u00ed como la contrataci\u00f3n de servicios y bienes por medio de la misma (todo ello denominado conjuntamente los &#8220;Servicios&#8221;).<\/p>\n\n\n\n<p>Fragancia Huelva con domicilio social en calle jose fari\u00f1a, \u00bf?, es titular del presente Sitio Web cuya utilizaci\u00f3n se regula mediante este documento, con CIF\/NIF 48917372y.<\/p>\n\n\n\n<p>Para contactar con Fragancia Huelva, puede utilizar la direcci\u00f3n de correo electr\u00f3nico <a>fraganciahuelva@gmail.com<\/a>&nbsp;o al n\u00famero de tel\u00e9fono +34 665 36 24 81<\/p>\n\n\n\n<p>Por la propia naturaleza del Sitio Web, as\u00ed como de su contenido y finalidad, la pr\u00e1ctica totalidad de la navegaci\u00f3n que se puede llevar a cabo por el mismo ha de hacerse gozando de la condici\u00f3n de Cliente, la cual se adquiere seg\u00fan los procedimientos recogidos en la misma. Por lo tanto, la citada condici\u00f3n de Cliente supone la adhesi\u00f3n a las Condiciones Generales en la versi\u00f3n publicada en el momento en que se acceda al Sitio Web. Fragancia Huelva se reserva el derecho de modificar, en cualquier momento, la presentaci\u00f3n y configuraci\u00f3n del Sitio Web, as\u00ed como las presentes Condiciones Generales. Por ello, Fragancia Huelva recomienda al Cliente leer el mismo atentamente cada vez que acceda al Sitio Web.<\/p>\n\n\n\n<p>En cualquier caso, existen p\u00e1ginas del Sitio Web accesibles al p\u00fablico en general, respecto a las cuales Fragancia Huelva tambi\u00e9n desea cumplir con sus obligaciones legales, as\u00ed como regular el uso de las mismas. En este sentido, los usuarios que accedan a estas partes del Sitio Web aceptan quedar sometidos, por el hecho de acceder a las citadas p\u00e1ginas, por los t\u00e9rminos y condiciones recogidos en estas Condiciones Generales, en la medida que ello les pueda ser de aplicaci\u00f3n.<\/p>\n\n\n\n<p>Por \u00faltimo, por la naturaleza propia del presente Sitio Web, es posible que se modifiquen o incluyan cambios en el contenido de las presentes Condiciones Generales. Por esto, el Cliente, as\u00ed como otros usuarios que no gocen de esta condici\u00f3n, quedan obligados a acceder a las presente Condiciones Generales cada vez que accedan al Sitio Web, asumiendo que les ser\u00e1n de aplicaci\u00f3n las condiciones correspondientes que se encuentren vigentes en el momento de su acceso.<\/p>\n\n\n\n<p>ACCESO Y SEGURIDAD<\/p>\n\n\n\n<p>El registro previo de los usuarios, una vez acepten la &#8220;Pol\u00edtica de Privacidad&#8221;, pasar\u00e1n a ser considerados como Clientes .<\/p>\n\n\n\n<p>El identificador del Cliente estar\u00e1 compuesto por su direcci\u00f3n de correo electr\u00f3nico y una contrase\u00f1a. Para el acceso a la cuenta propia del Cliente, ser\u00e1 necesario la inclusi\u00f3n de este identificador, as\u00ed como de una contrase\u00f1a que deber\u00e1 contener como m\u00ednimo 4 caracteres.<\/p>\n\n\n\n<p>El uso de la contrase\u00f1a es personal e intransferible, no estando permitida la cesi\u00f3n, ni siquiera temporal, a terceros. En tal sentido, el Cliente se compromete a hacer un uso diligente y a mantener en secreto la misma, asumiendo toda responsabilidad por las consecuencias de su divulgaci\u00f3n a terceros.<\/p>\n\n\n\n<p>En el supuesto de que el Cliente conozca o sospeche del uso de su contrase\u00f1a por terceros, deber\u00e1 modificar la misma de forma inmediata, en el modo en que se recoge en el Sitio Web.<\/p>\n\n\n\n<p>UTILIZACI\u00d3N CORRECTA DE LOS SERVICIOS<\/p>\n\n\n\n<p>El Cliente se obliga a usar los Servicios de forma diligente, correcta y l\u00edcita y, en particular, a t\u00edtulo meramente enunciativo y no limitativo, se compromete a abstenerse de:<\/p>\n\n\n\n<p>Utilizar los Servicios de forma, con fines o efectos contrarios a la ley, a la moral y a las buenas costumbres generalmente aceptadas o al orden p\u00fablico;<\/p>\n\n\n\n<p>reproducir o copiar, distribuir, permitir el acceso del p\u00fablico a trav\u00e9s de cualquier modalidad de comunicaci\u00f3n p\u00fablica, transformar o modificar los Servicios, a menos que se cuente con la autorizaci\u00f3n del titular de los correspondientes derechos o ello resulte legalmente permitido;<\/p>\n\n\n\n<p>realizar cualquier acto que pueda ser considerado una vulneraci\u00f3n de cualesquiera derechos de propiedad intelectual o industrial pertenecientes a Fragancia Huelva o a terceros;<\/p>\n\n\n\n<p>emplear los Servicios y, en particular, la informaci\u00f3n de cualquier clase obtenida a trav\u00e9s del Sitio Web para remitir publicidad, comunicaciones con fines de venta directa o con cualquier otra clase de finalidad comercial, mensajes no solicitados dirigidos a una pluralidad de personas con independencia de su finalidad, as\u00ed como de comercializar o divulgar de cualquier modo dicha informaci\u00f3n;<\/p>\n\n\n\n<p>El Cliente responder\u00e1 de los da\u00f1os y perjuicios de toda naturaleza que Fragancia Huelva pueda sufrir, con ocasi\u00f3n o como consecuencia del incumplimiento de cualquiera de las obligaciones anteriormente expuestas as\u00ed como cualesquiera otras incluidas en las presentes Condiciones Generales y\/o las impuestas por la Ley en relaci\u00f3n con la utilizaci\u00f3n del Sitio Web .<\/p>\n\n\n\n<p>Fragancia Huelva velar\u00e1 en todo momento por el respeto del ordenamiento jur\u00eddico vigente, y estar\u00e1 legitimada para interrumpir, a su entera discreci\u00f3n, el Servicio o excluir al Cliente del Sitio Web en caso de presunta comisi\u00f3n, completa o incompleta, de alguno de los delitos o faltas tipificados por el C\u00f3digo Penal vigente, o en caso de observar cualesquiera conductas que a juicio de Fragancia Huelva resulten contrarias a estas Condiciones Generales que operan para este Sitio Web, la Ley, las normas establecidas por Fragancia Huelva o sus colaboradores o puedan perturbar el buen funcionamiento, imagen, credibilidad y\/o prestigio de Fragancia Huelva o sus colaboradores.<\/p>\n\n\n\n<p>DERECHOS DE PROPIEDAD<\/p>\n\n\n\n<p>Todos los contenidos del Sitio Web, tales como textos, gr\u00e1ficos, fotograf\u00edas, logotipos, iconos, im\u00e1genes, as\u00ed como el dise\u00f1o gr\u00e1fico, c\u00f3digo fuente y software, son de la exclusiva propiedad de Fragancia Huelva o de terceros, cuyos<\/p>\n","protected":false},"excerpt":{"rendered":"<p>OBJETO Las presentes Condiciones Generales de Uso (en adelante, las &#8220;Condiciones Generales&#8221;) regulan el uso del sitio web www.fraganciahuelva.com\u00a0(en adelante, [&hellip;]<\/p>\n","protected":false},"author":1,"featured_media":0,"parent":0,"menu_order":0,"comment_status":"closed","ping_status":"closed","template":"","meta":{"site-sidebar-layout":"default","site-content-layout":"","ast-site-content-layout":"","site-content-style":"default","site-sidebar-style":"default","ast-global-header-display":"","ast-banner-title-visibility":"","ast-main-header-display":"","ast-hfb-above-header-display":"","ast-hfb-below-header-display":"","ast-hfb-mobile-header-display":"","site-post-title":"","ast-breadcrumbs-content":"","ast-featured-img":"","footer-sml-layout":"","theme-transparent-header-meta":"","adv-header-id-meta":"","stick-header-meta":"","header-above-stick-meta":"","header-main-stick-meta":"","header-below-stick-meta":"","astra-migrate-meta-layouts":"default","ast-page-background-enabled":"default","ast-page-background-meta":{"desktop":{"background-color":"var(--ast-global-color-4)","background-image":"","background-repeat":"repeat","background-position":"center center","background-size":"auto","background-attachment":"scroll","background-type":"","background-media":"","overlay-type":"","overlay-color":"","overlay-opacity":"","overlay-gradient":""},"tablet":{"background-color":"","background-image":"","background-repeat":"repeat","background-position":"center center","background-size":"auto","background-attachment":"scroll","background-type":"","background-media":"","overlay-type":"","overlay-color":"","overlay-opacity":"","overlay-gradient":""},"mobile":{"background-color":"","background-image":"","background-repeat":"repeat","background-position":"center center","background-size":"auto","background-attachment":"scroll","background-type":"","background-media":"","overlay-type":"","overlay-color":"","overlay-opacity":"","overlay-gradient":""}},"ast-content-background-meta":{"desktop":{"background-color":"var(--ast-global-color-5)","background-image":"","background-repeat":"repeat","background-position":"center center","background-size":"auto","background-attachment":"scroll","background-type":"","background-media":"","overlay-type":"","overlay-color":"","overlay-opacity":"","overlay-gradient":""},"tablet":{"background-color":"var(--ast-global-color-5)","background-image":"","background-repeat":"repeat","background-position":"center center","background-size":"auto","background-attachment":"scroll","background-type":"","background-media":"","overlay-type":"","overlay-color":"","overlay-opacity":"","overlay-gradient":""},"mobile":{"background-color":"var(--ast-global-color-5)","background-image":"","background-repeat":"repeat","background-position":"center center","background-size":"auto","background-attachment":"scroll","background-type":"","background-media":"","overlay-type":"","overlay-color":"","overlay-opacity":"","overlay-gradient":""}},"_joinchat":[],"footnotes":""},"class_list":["post-274","page","type-page","status-publish","hentry"],"_links":{"self":[{"href":"https:\/\/fraganciahuelva.com\/index.php\/wp-json\/wp\/v2\/pages\/274","targetHints":{"allow":["GET"]}}],"collection":[{"href":"https:\/\/fraganciahuelva.com\/index.php\/wp-json\/wp\/v2\/pages"}],"about":[{"href":"https:\/\/fraganciahuelva.com\/index.php\/wp-json\/wp\/v2\/types\/page"}],"author":[{"embeddable":true,"href":"https:\/\/fraganciahuelva.com\/index.php\/wp-json\/wp\/v2\/users\/1"}],"replies":[{"embeddable":true,"href":"https:\/\/fraganciahuelva.com\/index.php\/wp-json\/wp\/v2\/comments?post=274"}],"version-history":[{"count":8,"href":"https:\/\/fraganciahuelva.com\/index.php\/wp-json\/wp\/v2\/pages\/274\/revisions"}],"predecessor-version":[{"id":468,"href":"https:\/\/fraganciahuelva.com\/index.php\/wp-json\/wp\/v2\/pages\/274\/revisions\/468"}],"wp:attachment":[{"href":"https:\/\/fraganciahuelva.com\/index.php\/wp-json\/wp\/v2\/media?parent=274"}],"curies":[{"name":"wp","href":"https:\/\/api.w.org\/{rel}","templated":true}]}}