{"id":377,"date":"2024-04-06T17:54:57","date_gmt":"2024-04-06T15:54:57","guid":{"rendered":"https:\/\/fraganciahuelva.com\/?post_type=product&#038;p=377"},"modified":"2024-04-06T17:54:57","modified_gmt":"2024-04-06T15:54:57","slug":"asdaaf-ameerat-al-arab","status":"publish","type":"product","link":"https:\/\/fraganciahuelva.com\/index.php\/producto\/asdaaf-ameerat-al-arab\/","title":{"rendered":"Asdaaf Ameerat Al Arab."},"content":{"rendered":"<p>El perfume de la imagen se llama <strong>Asdaaf Ameerat Al Arab<\/strong>. Es una fragancia femenina lanzada en 2012. La familia olfativa es floral oriental.<\/p>\n<p data-sourcepos=\"3:1-3:199\">Las notas de salida son bergamota, mandarina, grosella negra y manzana verde. Las notas de coraz\u00f3n son jazm\u00edn, rosa, ylang-ylang y pachul\u00ed. Las notas de fondo son \u00e1mbar, almizcle, vainilla y s\u00e1ndalo.<\/p>\n<p data-sourcepos=\"5:1-5:153\"><strong>Asdaaf Ameerat Al Arab<\/strong> se describe como una fragancia rica, dulce y sensual. Es perfecta para usar en ocasiones especiales o para salir por la noche.<\/p>\n<p data-sourcepos=\"5:1-5:153\">Para adquirir estas joyas olfativas, cont\u00e1ctame a trav\u00e9s de WhatsApp y d\u00e9jame saber el tipo de perfume que deseas. Estoy aqu\u00ed para ayudarte a encontrar la fragancia perfecta que te transportar\u00e1 a tierras lejanas con solo una rociada. \u00a1Descubre la magia de los perfumes \u00e1rabes hoy mismo!<\/p>\n","protected":false},"excerpt":{"rendered":"<p>El perfume de la imagen se llama Asdaaf Ameerat Al Arab. Es una fragancia femenina lanzada en 2012. La familia [&hellip;]<\/p>\n","protected":false},"featured_media":357,"comment_status":"open","ping_status":"closed","template":"","meta":{"site-sidebar-layout":"default","site-content-layout":"","ast-site-content-layout":"default","site-content-style":"default","site-sidebar-style":"default","ast-global-header-display":"","ast-banner-title-visibility":"","ast-main-header-display":"","ast-hfb-above-header-display":"","ast-hfb-below-header-display":"","ast-hfb-mobile-header-display":"","site-post-title":"","ast-breadcrumbs-content":"","ast-featured-img":"","footer-sml-layout":"","theme-transparent-header-meta":"default","adv-header-id-meta":"","stick-header-meta":"","header-above-stick-meta":"","header-main-stick-meta":"","header-below-stick-meta":"","astra-migrate-meta-layouts":"set","ast-page-background-enabled":"default","ast-page-background-meta":{"desktop":{"background-color":"var(--ast-global-color-4)","background-image":"","background-repeat":"repeat","background-position":"center center","background-size":"auto","background-attachment":"scroll","background-type":"","background-media":"","overlay-type":"","overlay-color":"","overlay-opacity":"","overlay-gradient":""},"tablet":{"background-color":"","background-image":"","background-repeat":"repeat","background-position":"center center","background-size":"auto","background-attachment":"scroll","background-type":"","background-media":"","overlay-type":"","overlay-color":"","overlay-opacity":"","overlay-gradient":""},"mobile":{"background-color":"","background-image":"","background-repeat":"repeat","background-position":"center center","background-size":"auto","background-attachment":"scroll","background-type":"","background-media":"","overlay-type":"","overlay-color":"","overlay-opacity":"","overlay-gradient":""}},"ast-content-background-meta":{"desktop":{"background-color":"var(--ast-global-color-5)","background-image":"","background-repeat":"repeat","background-position":"center center","background-size":"auto","background-attachment":"scroll","background-type":"","background-media":"","overlay-type":"","overlay-color":"","overlay-opacity":"","overlay-gradient":""},"tablet":{"background-color":"var(--ast-global-color-5)","background-image":"","background-repeat":"repeat","background-position":"center center","background-size":"auto","background-attachment":"scroll","background-type":"","background-media":"","overlay-type":"","overlay-color":"","overlay-opacity":"","overlay-gradient":""},"mobile":{"background-color":"var(--ast-global-color-5)","background-image":"","background-repeat":"repeat","background-position":"center center","background-size":"auto","background-attachment":"scroll","background-type":"","background-media":"","overlay-type":"","overlay-color":"","overlay-opacity":"","overlay-gradient":""}},"_joinchat":[]},"product_brand":[],"product_cat":[22],"product_tag":[21],"class_list":{"0":"post-377","1":"product","2":"type-product","3":"status-publish","4":"has-post-thumbnail","6":"product_cat-perfumearabe","7":"product_tag-perfumearabe","8":"desktop-align-left","9":"tablet-align-left","10":"mobile-align-left","12":"first","13":"instock","14":"shipping-taxable","15":"purchasable","16":"product-type-simple"},"_links":{"self":[{"href":"https:\/\/fraganciahuelva.com\/index.php\/wp-json\/wp\/v2\/product\/377","targetHints":{"allow":["GET"]}}],"collection":[{"href":"https:\/\/fraganciahuelva.com\/index.php\/wp-json\/wp\/v2\/product"}],"about":[{"href":"https:\/\/fraganciahuelva.com\/index.php\/wp-json\/wp\/v2\/types\/product"}],"replies":[{"embeddable":true,"href":"https:\/\/fraganciahuelva.com\/index.php\/wp-json\/wp\/v2\/comments?post=377"}],"wp:featuredmedia":[{"embeddable":true,"href":"https:\/\/fraganciahuelva.com\/index.php\/wp-json\/wp\/v2\/media\/357"}],"wp:attachment":[{"href":"https:\/\/fraganciahuelva.com\/index.php\/wp-json\/wp\/v2\/media?parent=377"}],"wp:term":[{"taxonomy":"product_brand","embeddable":true,"href":"https:\/\/fraganciahuelva.com\/index.php\/wp-json\/wp\/v2\/product_brand?post=377"},{"taxonomy":"product_cat","embeddable":true,"href":"https:\/\/fraganciahuelva.com\/index.php\/wp-json\/wp\/v2\/product_cat?post=377"},{"taxonomy":"product_tag","embeddable":true,"href":"https:\/\/fraganciahuelva.com\/index.php\/wp-json\/wp\/v2\/product_tag?post=377"}],"curies":[{"name":"wp","href":"https:\/\/api.w.org\/{rel}","templated":true}]}}