{"id":387,"date":"2024-04-06T20:42:43","date_gmt":"2024-04-06T18:42:43","guid":{"rendered":"https:\/\/fraganciahuelva.com\/?post_type=product&#038;p=387"},"modified":"2024-04-07T11:57:32","modified_gmt":"2024-04-07T09:57:32","slug":"najdia-de-lattafa-perfumes","status":"publish","type":"product","link":"https:\/\/fraganciahuelva.com\/index.php\/producto\/najdia-de-lattafa-perfumes\/","title":{"rendered":"Mayar Lattafa Eau de Parfum mujer"},"content":{"rendered":"<ul class=\"c-pd-flavers__list\">\n<li class=\"c-pd-flavers__item\"><strong>NOTAS ALTAS <\/strong>Higo, Leche de coco, Mandarina verde, Sand\u00eda<\/li>\n<li class=\"c-pd-flavers__item\"><strong>NOTAS MEDIAS<\/strong>Jazm\u00edn, Lotos, Nen\u00fafar<\/li>\n<li class=\"c-pd-flavers__item\"><strong>NOTAS BASE<\/strong>Almizcle, Ambroxan, S\u00e1ndalo, Vainilla<\/li>\n<\/ul>\n<p>Para adquirir estas joyas olfativas, cont\u00e1ctame a trav\u00e9s de WhatsApp y d\u00e9jame saber el tipo de perfume que deseas. Estoy aqu\u00ed para ayudarte a encontrar la fragancia perfecta que te transportar\u00e1 a tierras lejanas con solo una rociada. \u00a1Descubre la magia de los perfumes \u00e1rabes hoy mismo!<\/p>\n","protected":false},"excerpt":{"rendered":"<p data-sourcepos=\"3:1-3:16\"><strong>Descripci\u00f3n:<\/strong><\/p>\n<ul data-sourcepos=\"5:1-8:0\">\n<li data-sourcepos=\"5:1-5:44\">Es una fragancia femenina lanzada en 2023.<\/li>\n<li data-sourcepos=\"6:1-6:41\">La familia olfativa es Floral Afrutada.<\/li>\n<li data-sourcepos=\"7:1-8:0\">Se describe como una fragancia fresca, dulce y femenina.<\/li>\n<\/ul>\n<p data-sourcepos=\"9:1-9:20\"><strong>Notas olfativas:<\/strong><\/p>\n<ul data-sourcepos=\"11:1-14:0\">\n<li data-sourcepos=\"11:1-11:45\"><strong>Salida:<\/strong>\u00a0Bergamota, fresa, manzana verde<\/li>\n<li data-sourcepos=\"12:1-12:47\"><strong>Coraz\u00f3n:<\/strong>\u00a0Jazm\u00edn, rosa, melocot\u00f3n, pachul\u00ed<\/li>\n<li data-sourcepos=\"13:1-14:0\"><strong>Base:<\/strong>\u00a0Vainilla, \u00e1mbar gris, almizcle, s\u00e1ndalo<\/li>\n<\/ul>\n<p>Para adquirir estas joyas olfativas, cont\u00e1ctame a trav\u00e9s de WhatsApp y d\u00e9jame saber el tipo de perfume que deseas. Estoy aqu\u00ed para ayudarte a encontrar la fragancia perfecta que te transportar\u00e1 a tierras lejanas con solo una rociada. \u00a1Descubre la magia de los perfumes \u00e1rabes hoy mismo!<\/p>\n","protected":false},"featured_media":364,"comment_status":"open","ping_status":"closed","template":"","meta":{"site-sidebar-layout":"default","site-content-layout":"","ast-site-content-layout":"default","site-content-style":"default","site-sidebar-style":"default","ast-global-header-display":"","ast-banner-title-visibility":"","ast-main-header-display":"","ast-hfb-above-header-display":"","ast-hfb-below-header-display":"","ast-hfb-mobile-header-display":"","site-post-title":"","ast-breadcrumbs-content":"","ast-featured-img":"","footer-sml-layout":"","theme-transparent-header-meta":"default","adv-header-id-meta":"","stick-header-meta":"","header-above-stick-meta":"","header-main-stick-meta":"","header-below-stick-meta":"","astra-migrate-meta-layouts":"set","ast-page-background-enabled":"default","ast-page-background-meta":{"desktop":{"background-color":"var(--ast-global-color-4)","background-image":"","background-repeat":"repeat","background-position":"center center","background-size":"auto","background-attachment":"scroll","background-type":"","background-media":"","overlay-type":"","overlay-color":"","overlay-opacity":"","overlay-gradient":""},"tablet":{"background-color":"","background-image":"","background-repeat":"repeat","background-position":"center center","background-size":"auto","background-attachment":"scroll","background-type":"","background-media":"","overlay-type":"","overlay-color":"","overlay-opacity":"","overlay-gradient":""},"mobile":{"background-color":"","background-image":"","background-repeat":"repeat","background-position":"center center","background-size":"auto","background-attachment":"scroll","background-type":"","background-media":"","overlay-type":"","overlay-color":"","overlay-opacity":"","overlay-gradient":""}},"ast-content-background-meta":{"desktop":{"background-color":"var(--ast-global-color-5)","background-image":"","background-repeat":"repeat","background-position":"center center","background-size":"auto","background-attachment":"scroll","background-type":"","background-media":"","overlay-type":"","overlay-color":"","overlay-opacity":"","overlay-gradient":""},"tablet":{"background-color":"var(--ast-global-color-5)","background-image":"","background-repeat":"repeat","background-position":"center center","background-size":"auto","background-attachment":"scroll","background-type":"","background-media":"","overlay-type":"","overlay-color":"","overlay-opacity":"","overlay-gradient":""},"mobile":{"background-color":"var(--ast-global-color-5)","background-image":"","background-repeat":"repeat","background-position":"center center","background-size":"auto","background-attachment":"scroll","background-type":"","background-media":"","overlay-type":"","overlay-color":"","overlay-opacity":"","overlay-gradient":""}},"_joinchat":[]},"product_brand":[],"product_cat":[22],"product_tag":[21],"class_list":{"0":"post-387","1":"product","2":"type-product","3":"status-publish","4":"has-post-thumbnail","6":"product_cat-perfumearabe","7":"product_tag-perfumearabe","8":"desktop-align-left","9":"tablet-align-left","10":"mobile-align-left","12":"first","13":"instock","14":"shipping-taxable","15":"purchasable","16":"product-type-simple"},"_links":{"self":[{"href":"https:\/\/fraganciahuelva.com\/index.php\/wp-json\/wp\/v2\/product\/387","targetHints":{"allow":["GET"]}}],"collection":[{"href":"https:\/\/fraganciahuelva.com\/index.php\/wp-json\/wp\/v2\/product"}],"about":[{"href":"https:\/\/fraganciahuelva.com\/index.php\/wp-json\/wp\/v2\/types\/product"}],"replies":[{"embeddable":true,"href":"https:\/\/fraganciahuelva.com\/index.php\/wp-json\/wp\/v2\/comments?post=387"}],"wp:featuredmedia":[{"embeddable":true,"href":"https:\/\/fraganciahuelva.com\/index.php\/wp-json\/wp\/v2\/media\/364"}],"wp:attachment":[{"href":"https:\/\/fraganciahuelva.com\/index.php\/wp-json\/wp\/v2\/media?parent=387"}],"wp:term":[{"taxonomy":"product_brand","embeddable":true,"href":"https:\/\/fraganciahuelva.com\/index.php\/wp-json\/wp\/v2\/product_brand?post=387"},{"taxonomy":"product_cat","embeddable":true,"href":"https:\/\/fraganciahuelva.com\/index.php\/wp-json\/wp\/v2\/product_cat?post=387"},{"taxonomy":"product_tag","embeddable":true,"href":"https:\/\/fraganciahuelva.com\/index.php\/wp-json\/wp\/v2\/product_tag?post=387"}],"curies":[{"name":"wp","href":"https:\/\/api.w.org\/{rel}","templated":true}]}}