{"id":419,"date":"2024-04-07T11:16:36","date_gmt":"2024-04-07T09:16:36","guid":{"rendered":"https:\/\/fraganciahuelva.com\/?post_type=product&#038;p=419"},"modified":"2024-04-07T12:40:29","modified_gmt":"2024-04-07T10:40:29","slug":"rave-now-eau-de-parfum","status":"publish","type":"product","link":"https:\/\/fraganciahuelva.com\/index.php\/producto\/rave-now-eau-de-parfum\/","title":{"rendered":"Rave Now Eau de Parfum"},"content":{"rendered":"<div class=\"dx-tc-tabs dxj-tc-tabs\" role=\"tablist\" aria-label=\"TabCordion\"><button class=\"dx-tab dxj-tab is-active\" role=\"tab\" aria-selected=\"true\" aria-controls=\"tab-description\">Descripci\u00f3n<\/button><\/div>\n<div id=\"tab-description\" class=\"dx-tc-card dxj-tc-card is-active\" tabindex=\"0\" role=\"tabpanel\" aria-labelledby=\"tab-description\">\n<div class=\"dx-tc-card-body\">\n<div class=\"dx-tc-card-content\">\n<div class=\"dx-specifications\">\n<div class=\"dx-specifications--container\">\n<div class=\"dx-specifications--properties\">\n<div class=\"dx-specifications--property\">\n<div class=\"dx_property-icon\"><\/div>\n<div class=\"dx_property-name\">Marca<\/div>\n<div class=\"dx_property-values\">\n<div class=\"dx_property-values--value\">Rave<\/div>\n<\/div>\n<\/div>\n<div class=\"dx-specifications--property\">\n<div class=\"dx_property-icon\"><\/div>\n<div class=\"dx_property-name\">L\u00ednea de producto<\/div>\n<div class=\"dx_property-values\">\n<div class=\"dx_property-values--value\">Now<\/div>\n<\/div>\n<\/div>\n<div class=\"dx-specifications--property\">\n<div class=\"dx_property-icon\"><\/div>\n<div class=\"dx_property-name\">Para qui\u00e9n<\/div>\n<div class=\"dx_property-values\">\n<div class=\"dx_property-values--value\">Hombres<\/div>\n<\/div>\n<\/div>\n<div class=\"dx-specifications--property\">\n<div class=\"dx_property-icon\"><\/div>\n<div class=\"dx_property-name\">Tipo de fragancia<\/div>\n<div class=\"dx_property-values\">\n<div class=\"dx_property-values--value\">Amaderada Arom\u00e1tica<\/div>\n<\/div>\n<\/div>\n<div class=\"dx-specifications--property\">\n<div class=\"dx_property-icon\"><\/div>\n<div class=\"dx_property-name\">Spray<\/div>\n<div class=\"dx_property-values\">\n<div class=\"dx_property-values--value\">Si<\/div>\n<\/div>\n<\/div>\n<\/div>\n<\/div>\n<\/div>\n<div id=\"dx-description-container\" class=\"\">\n<div class=\"dx-product-description\">\n<p>El Eau de parfum Rave Now te permite disfrutar de su aroma durante mucho tiempo. Es una de las f\u00f3rmulas de perfume m\u00e1s concentradas ya que contiene entre un 10 % y un 20 % de aceites arom\u00e1ticos. Para una experiencia arom\u00e1tica a\u00fan m\u00e1s prolongada, combina tu Eau de parfum con los productos de cuidado de la piel Rave Now.<\/p>\n<\/div>\n<div class=\"dx-fragrance-notes\">\n<h3>Notas de salida<\/h3>\n<p>Bergamota, Pi\u00f1a, Manzana, Grosella negra<\/p>\n<h3>Coraz\u00f3n<\/h3>\n<p>Rosa, Pachul\u00ed, jazm\u00edn marroqu\u00ed, Madera de Abedul<\/p>\n<h3>Base<\/h3>\n<p>Vainilla, Roble, \u00c1mbar gris, Almizcle<\/p>\n<\/div>\n<\/div>\n<\/div>\n<\/div>\n<\/div>\n","protected":false},"excerpt":{"rendered":"<div class=\"dx-tc-tabs dxj-tc-tabs\" role=\"tablist\" aria-label=\"TabCordion\"><button class=\"dx-tab dxj-tab is-active\" role=\"tab\" aria-selected=\"true\" aria-controls=\"tab-description\">Descripci\u00f3n<\/button><\/div>\n<div id=\"tab-description\" class=\"dx-tc-card dxj-tc-card is-active\" tabindex=\"0\" role=\"tabpanel\" aria-labelledby=\"tab-description\">\n<div class=\"dx-tc-card-body\">\n<div class=\"dx-tc-card-content\">\n<div class=\"dx-specifications\">\n<div class=\"dx-specifications--container\">\n<div class=\"dx-specifications--properties\">\n<div class=\"dx-specifications--property\">\n<div class=\"dx_property-icon\"><\/div>\n<div class=\"dx_property-name\">Marca<\/div>\n<div class=\"dx_property-values\">\n<div class=\"dx_property-values--value\"><a href=\"https:\/\/www.deloox.es\/categoria\/1102804\/rave.html\">Rave<\/a><\/div>\n<\/div>\n<\/div>\n<div class=\"dx-specifications--property\">\n<div class=\"dx_property-icon\"><\/div>\n<div class=\"dx_property-name\">L\u00ednea de producto<\/div>\n<div class=\"dx_property-values\">\n<div class=\"dx_property-values--value\"><a href=\"https:\/\/www.deloox.es\/categoria\/1102813\/now.html\">Now<\/a><\/div>\n<\/div>\n<\/div>\n<div class=\"dx-specifications--property\">\n<div class=\"dx_property-icon\"><\/div>\n<div class=\"dx_property-name\">Para qui\u00e9n<\/div>\n<div class=\"dx_property-values\">\n<div class=\"dx_property-values--value\">Hombres<\/div>\n<\/div>\n<\/div>\n<div class=\"dx-specifications--property\">\n<div class=\"dx_property-icon\"><\/div>\n<div class=\"dx_property-name\">Tipo de fragancia<\/div>\n<div class=\"dx_property-values\">\n<div class=\"dx_property-values--value\">Amaderada Arom\u00e1tica<\/div>\n<\/div>\n<\/div>\n<div class=\"dx-specifications--property\">\n<div class=\"dx_property-icon\"><\/div>\n<div class=\"dx_property-name\">Spray<\/div>\n<div class=\"dx_property-values\">\n<div class=\"dx_property-values--value\">Si<\/div>\n<\/div>\n<\/div>\n<\/div>\n<\/div>\n<\/div>\n<div id=\"dx-description-container\" class=\"\">\n<div class=\"dx-product-description\">\n<p>El Eau de parfum Rave Now te permite disfrutar de su aroma durante mucho tiempo. Es una de las f\u00f3rmulas de perfume m\u00e1s concentradas ya que contiene entre un 10 % y un 20 % de aceites arom\u00e1ticos. Para una experiencia arom\u00e1tica a\u00fan m\u00e1s prolongada, combina tu Eau de parfum con los productos de cuidado de la piel Rave Now.<\/p>\n<\/div>\n<div class=\"dx-fragrance-notes\">\n<h3>Notas de salida<\/h3>\n<p>Bergamota, Pi\u00f1a, Manzana, Grosella negra<\/p>\n<h3>Coraz\u00f3n<\/h3>\n<p>Rosa, Pachul\u00ed, jazm\u00edn marroqu\u00ed, Madera de Abedul<\/p>\n<h3>Base<\/h3>\n<p>Vainilla, Roble, \u00c1mbar gris, Almizcle<\/p>\n<\/div>\n<\/div>\n<\/div>\n<\/div>\n<\/div>\n","protected":false},"featured_media":420,"comment_status":"open","ping_status":"closed","template":"","meta":{"site-sidebar-layout":"default","site-content-layout":"","ast-site-content-layout":"default","site-content-style":"default","site-sidebar-style":"default","ast-global-header-display":"","ast-banner-title-visibility":"","ast-main-header-display":"","ast-hfb-above-header-display":"","ast-hfb-below-header-display":"","ast-hfb-mobile-header-display":"","site-post-title":"","ast-breadcrumbs-content":"","ast-featured-img":"","footer-sml-layout":"","theme-transparent-header-meta":"default","adv-header-id-meta":"","stick-header-meta":"","header-above-stick-meta":"","header-main-stick-meta":"","header-below-stick-meta":"","astra-migrate-meta-layouts":"set","ast-page-background-enabled":"default","ast-page-background-meta":{"desktop":{"background-color":"var(--ast-global-color-4)","background-image":"","background-repeat":"repeat","background-position":"center center","background-size":"auto","background-attachment":"scroll","background-type":"","background-media":"","overlay-type":"","overlay-color":"","overlay-opacity":"","overlay-gradient":""},"tablet":{"background-color":"","background-image":"","background-repeat":"repeat","background-position":"center center","background-size":"auto","background-attachment":"scroll","background-type":"","background-media":"","overlay-type":"","overlay-color":"","overlay-opacity":"","overlay-gradient":""},"mobile":{"background-color":"","background-image":"","background-repeat":"repeat","background-position":"center center","background-size":"auto","background-attachment":"scroll","background-type":"","background-media":"","overlay-type":"","overlay-color":"","overlay-opacity":"","overlay-gradient":""}},"ast-content-background-meta":{"desktop":{"background-color":"var(--ast-global-color-5)","background-image":"","background-repeat":"repeat","background-position":"center center","background-size":"auto","background-attachment":"scroll","background-type":"","background-media":"","overlay-type":"","overlay-color":"","overlay-opacity":"","overlay-gradient":""},"tablet":{"background-color":"var(--ast-global-color-5)","background-image":"","background-repeat":"repeat","background-position":"center center","background-size":"auto","background-attachment":"scroll","background-type":"","background-media":"","overlay-type":"","overlay-color":"","overlay-opacity":"","overlay-gradient":""},"mobile":{"background-color":"var(--ast-global-color-5)","background-image":"","background-repeat":"repeat","background-position":"center center","background-size":"auto","background-attachment":"scroll","background-type":"","background-media":"","overlay-type":"","overlay-color":"","overlay-opacity":"","overlay-gradient":""}},"_joinchat":[]},"product_brand":[],"product_cat":[22],"product_tag":[21],"class_list":{"0":"post-419","1":"product","2":"type-product","3":"status-publish","4":"has-post-thumbnail","6":"product_cat-perfumearabe","7":"product_tag-perfumearabe","8":"desktop-align-left","9":"tablet-align-left","10":"mobile-align-left","12":"first","13":"instock","14":"shipping-taxable","15":"purchasable","16":"product-type-simple"},"_links":{"self":[{"href":"https:\/\/fraganciahuelva.com\/index.php\/wp-json\/wp\/v2\/product\/419","targetHints":{"allow":["GET"]}}],"collection":[{"href":"https:\/\/fraganciahuelva.com\/index.php\/wp-json\/wp\/v2\/product"}],"about":[{"href":"https:\/\/fraganciahuelva.com\/index.php\/wp-json\/wp\/v2\/types\/product"}],"replies":[{"embeddable":true,"href":"https:\/\/fraganciahuelva.com\/index.php\/wp-json\/wp\/v2\/comments?post=419"}],"wp:featuredmedia":[{"embeddable":true,"href":"https:\/\/fraganciahuelva.com\/index.php\/wp-json\/wp\/v2\/media\/420"}],"wp:attachment":[{"href":"https:\/\/fraganciahuelva.com\/index.php\/wp-json\/wp\/v2\/media?parent=419"}],"wp:term":[{"taxonomy":"product_brand","embeddable":true,"href":"https:\/\/fraganciahuelva.com\/index.php\/wp-json\/wp\/v2\/product_brand?post=419"},{"taxonomy":"product_cat","embeddable":true,"href":"https:\/\/fraganciahuelva.com\/index.php\/wp-json\/wp\/v2\/product_cat?post=419"},{"taxonomy":"product_tag","embeddable":true,"href":"https:\/\/fraganciahuelva.com\/index.php\/wp-json\/wp\/v2\/product_tag?post=419"}],"curies":[{"name":"wp","href":"https:\/\/api.w.org\/{rel}","templated":true}]}}