{"id":425,"date":"2024-04-07T11:30:55","date_gmt":"2024-04-07T09:30:55","guid":{"rendered":"https:\/\/fraganciahuelva.com\/?post_type=product&#038;p=425"},"modified":"2024-04-07T14:31:04","modified_gmt":"2024-04-07T12:31:04","slug":"aquilio-musamim-white-intense-de-la-marca-lattafa","status":"publish","type":"product","link":"https:\/\/fraganciahuelva.com\/index.php\/producto\/aquilio-musamim-white-intense-de-la-marca-lattafa\/","title":{"rendered":"AQUILIO MUSAMIM WHITE INTENSE\u201d de la marca Lattafa"},"content":{"rendered":"<div class=\"sc-b1ieoh-3 iCJBwW\">\n<div class=\"sc-aohf13-8 jCoylc\">\n<div class=\"sc-aohf13-9 ijTVaG\">Descripci\u00f3n\u00a0<span class=\"sc-aohf13-12 ceHoqL\">Lattafa Musamam<\/span><\/div>\n<\/div>\n<\/div>\n<div id=\"description-tab\" tabindex=\"0\" role=\"tabpanel\" aria-hidden=\"false\">\n<div class=\"sc-b1ieoh-1 hOxXvK\">\n<section id=\"pdDescription\" class=\"sc-aohf13-13 sc-1eu1dd2-0 emApjc iXnJIz\">\n<div id=\"pd-description-wrapper\" class=\"sc-aohf13-14 sc-1eu1dd2-1 cDOhlm fXhpiT\">\n<div class=\"sc-1eu1dd2-11 gGZgRZ\">\n<table class=\"sc-1eu1dd2-6 jMdQjE\">\n<tbody>\n<tr class=\"sc-1eu1dd2-10\">\n<td class=\"sc-1eu1dd2-8 iwwDVa\">\n<div class=\"sc-j2vy08-0 bwTLvF\">Notas de cabeza<\/div>\n<\/td>\n<td class=\"sc-1eu1dd2-9 eUPGqr\">azafr\u00e1n, mandarina italiana, lavanda<\/td>\n<\/tr>\n<tr class=\"sc-1eu1dd2-10\">\n<td class=\"sc-1eu1dd2-8 iwwDVa\">\n<div class=\"sc-j2vy08-0 bwTLvF\">Notas de coraz\u00f3n<\/div>\n<\/td>\n<td class=\"sc-1eu1dd2-9 eUPGqr\">madera \u00e1mbar, Juniperus virginiana, geranio<\/td>\n<\/tr>\n<tr class=\"sc-1eu1dd2-10\">\n<td class=\"sc-1eu1dd2-8 iwwDVa\">\n<div class=\"sc-j2vy08-0 bwTLvF\">Notas de fondo<\/div>\n<\/td>\n<td class=\"sc-1eu1dd2-9 eUPGqr\">Akigalawood\u00ae, incenso, l\u00e1dano<\/td>\n<\/tr>\n<tr class=\"sc-1eu1dd2-10\">\n<td class=\"sc-1eu1dd2-8 hsqbTw\">Tipo de fragancia<\/td>\n<td class=\"sc-1eu1dd2-9 eUPGqr\">orientales, amaderadas<\/td>\n<\/tr>\n<\/tbody>\n<\/table>\n<\/div>\n<div class=\"sc-1uodfit-0 dQOesq\">\n<div id=\"pd-description-text\" class=\"sc-1eu1dd2-3 iNzXLP\" data-testid=\"pd-description-text\">\n<p>Olv\u00eddate de las reglas, los l\u00edmites y los obst\u00e1culos. El eau de parfum unisex Lattafa Musamam es perfecto para cualquier persona que no tenga miedo a destacar.<\/p>\n<ul>\n<li>fragancia amaderada<\/li>\n<li>fragancia oriental<\/li>\n<li>para todas aquellas personas que no tienen miedo a destacar<\/li>\n<li>fragancia c\u00e1lida, ideal para las \u00e9pocas fr\u00edas<\/li>\n<\/ul>\n<\/div>\n<\/div>\n<\/div>\n<\/section>\n<\/div>\n<\/div>\n","protected":false},"excerpt":{"rendered":"<div class=\"sc-b1ieoh-3 iCJBwW\">\n<div class=\"sc-aohf13-8 jCoylc\">\n<div class=\"sc-aohf13-9 ijTVaG\">Descripci\u00f3n\u00a0<span class=\"sc-aohf13-12 ceHoqL\">Lattafa Musamam<\/span><\/div>\n<\/div>\n<\/div>\n<div id=\"description-tab\" tabindex=\"0\" role=\"tabpanel\" aria-hidden=\"false\">\n<div class=\"sc-b1ieoh-1 hOxXvK\">\n<section id=\"pdDescription\" class=\"sc-aohf13-13 sc-1eu1dd2-0 emApjc iXnJIz\">\n<div id=\"pd-description-wrapper\" class=\"sc-aohf13-14 sc-1eu1dd2-1 cDOhlm fXhpiT\">\n<div class=\"sc-1eu1dd2-11 gGZgRZ\">\n<table class=\"sc-1eu1dd2-6 jMdQjE\">\n<tbody>\n<tr class=\"sc-1eu1dd2-10\">\n<td class=\"sc-1eu1dd2-8 iwwDVa\">\n<div class=\"sc-j2vy08-0 bwTLvF\">Notas de cabeza<\/div>\n<\/td>\n<td class=\"sc-1eu1dd2-9 eUPGqr\">azafr\u00e1n, mandarina italiana, lavanda<\/td>\n<\/tr>\n<tr class=\"sc-1eu1dd2-10\">\n<td class=\"sc-1eu1dd2-8 iwwDVa\">\n<div class=\"sc-j2vy08-0 bwTLvF\">Notas de coraz\u00f3n<\/div>\n<\/td>\n<td class=\"sc-1eu1dd2-9 eUPGqr\">madera \u00e1mbar, Juniperus virginiana, geranio<\/td>\n<\/tr>\n<tr class=\"sc-1eu1dd2-10\">\n<td class=\"sc-1eu1dd2-8 iwwDVa\">\n<div class=\"sc-j2vy08-0 bwTLvF\">Notas de fondo<\/div>\n<\/td>\n<td class=\"sc-1eu1dd2-9 eUPGqr\">Akigalawood\u00ae, incenso, l\u00e1dano<\/td>\n<\/tr>\n<tr class=\"sc-1eu1dd2-10\">\n<td class=\"sc-1eu1dd2-8 hsqbTw\">Tipo de fragancia<\/td>\n<td class=\"sc-1eu1dd2-9 eUPGqr\">orientales, amaderadas<\/td>\n<\/tr>\n<\/tbody>\n<\/table>\n<\/div>\n<div class=\"sc-1uodfit-0 dQOesq\">\n<div id=\"pd-description-text\" class=\"sc-1eu1dd2-3 iNzXLP\" data-testid=\"pd-description-text\">\n<p>Olv\u00eddate de las reglas, los l\u00edmites y los obst\u00e1culos. El eau de parfum unisex Lattafa Musamam es perfecto para cualquier persona que no tenga miedo a destacar.<\/p>\n<ul>\n<li>fragancia amaderada<\/li>\n<li>fragancia oriental<\/li>\n<li>para todas aquellas personas que no tienen miedo a destacar<\/li>\n<li>fragancia c\u00e1lida, ideal para las \u00e9pocas fr\u00edas<\/li>\n<\/ul>\n<\/div>\n<\/div>\n<\/div>\n<\/section>\n<\/div>\n<\/div>\n","protected":false},"featured_media":426,"comment_status":"open","ping_status":"closed","template":"","meta":{"site-sidebar-layout":"default","site-content-layout":"","ast-site-content-layout":"default","site-content-style":"default","site-sidebar-style":"default","ast-global-header-display":"","ast-banner-title-visibility":"","ast-main-header-display":"","ast-hfb-above-header-display":"","ast-hfb-below-header-display":"","ast-hfb-mobile-header-display":"","site-post-title":"","ast-breadcrumbs-content":"","ast-featured-img":"","footer-sml-layout":"","theme-transparent-header-meta":"default","adv-header-id-meta":"","stick-header-meta":"","header-above-stick-meta":"","header-main-stick-meta":"","header-below-stick-meta":"","astra-migrate-meta-layouts":"set","ast-page-background-enabled":"default","ast-page-background-meta":{"desktop":{"background-color":"var(--ast-global-color-4)","background-image":"","background-repeat":"repeat","background-position":"center center","background-size":"auto","background-attachment":"scroll","background-type":"","background-media":"","overlay-type":"","overlay-color":"","overlay-opacity":"","overlay-gradient":""},"tablet":{"background-color":"","background-image":"","background-repeat":"repeat","background-position":"center center","background-size":"auto","background-attachment":"scroll","background-type":"","background-media":"","overlay-type":"","overlay-color":"","overlay-opacity":"","overlay-gradient":""},"mobile":{"background-color":"","background-image":"","background-repeat":"repeat","background-position":"center center","background-size":"auto","background-attachment":"scroll","background-type":"","background-media":"","overlay-type":"","overlay-color":"","overlay-opacity":"","overlay-gradient":""}},"ast-content-background-meta":{"desktop":{"background-color":"var(--ast-global-color-5)","background-image":"","background-repeat":"repeat","background-position":"center center","background-size":"auto","background-attachment":"scroll","background-type":"","background-media":"","overlay-type":"","overlay-color":"","overlay-opacity":"","overlay-gradient":""},"tablet":{"background-color":"var(--ast-global-color-5)","background-image":"","background-repeat":"repeat","background-position":"center center","background-size":"auto","background-attachment":"scroll","background-type":"","background-media":"","overlay-type":"","overlay-color":"","overlay-opacity":"","overlay-gradient":""},"mobile":{"background-color":"var(--ast-global-color-5)","background-image":"","background-repeat":"repeat","background-position":"center center","background-size":"auto","background-attachment":"scroll","background-type":"","background-media":"","overlay-type":"","overlay-color":"","overlay-opacity":"","overlay-gradient":""}},"_joinchat":[]},"product_brand":[],"product_cat":[22],"product_tag":[21],"class_list":{"0":"post-425","1":"product","2":"type-product","3":"status-publish","4":"has-post-thumbnail","6":"product_cat-perfumearabe","7":"product_tag-perfumearabe","8":"desktop-align-left","9":"tablet-align-left","10":"mobile-align-left","12":"first","13":"instock","14":"shipping-taxable","15":"purchasable","16":"product-type-simple"},"_links":{"self":[{"href":"https:\/\/fraganciahuelva.com\/index.php\/wp-json\/wp\/v2\/product\/425","targetHints":{"allow":["GET"]}}],"collection":[{"href":"https:\/\/fraganciahuelva.com\/index.php\/wp-json\/wp\/v2\/product"}],"about":[{"href":"https:\/\/fraganciahuelva.com\/index.php\/wp-json\/wp\/v2\/types\/product"}],"replies":[{"embeddable":true,"href":"https:\/\/fraganciahuelva.com\/index.php\/wp-json\/wp\/v2\/comments?post=425"}],"wp:featuredmedia":[{"embeddable":true,"href":"https:\/\/fraganciahuelva.com\/index.php\/wp-json\/wp\/v2\/media\/426"}],"wp:attachment":[{"href":"https:\/\/fraganciahuelva.com\/index.php\/wp-json\/wp\/v2\/media?parent=425"}],"wp:term":[{"taxonomy":"product_brand","embeddable":true,"href":"https:\/\/fraganciahuelva.com\/index.php\/wp-json\/wp\/v2\/product_brand?post=425"},{"taxonomy":"product_cat","embeddable":true,"href":"https:\/\/fraganciahuelva.com\/index.php\/wp-json\/wp\/v2\/product_cat?post=425"},{"taxonomy":"product_tag","embeddable":true,"href":"https:\/\/fraganciahuelva.com\/index.php\/wp-json\/wp\/v2\/product_tag?post=425"}],"curies":[{"name":"wp","href":"https:\/\/api.w.org\/{rel}","templated":true}]}}