{"id":440,"date":"2024-04-07T14:19:19","date_gmt":"2024-04-07T12:19:19","guid":{"rendered":"https:\/\/fraganciahuelva.com\/?post_type=product&#038;p=440"},"modified":"2024-04-07T14:19:19","modified_gmt":"2024-04-07T12:19:19","slug":"sakeena-by-lattafa","status":"publish","type":"product","link":"https:\/\/fraganciahuelva.com\/index.php\/producto\/sakeena-by-lattafa\/","title":{"rendered":"Sakeena by Lattafa"},"content":{"rendered":"<p><b>Sakeena<\/b>\u00a0de\u00a0<b>Lattafa Perfumes<\/b>\u00a0es una fragancia de la familia olfativa Floral Frutal Gourmand para Mujeres. Esta fragrancia es nueva.\u00a0<b>Sakeena<\/b>\u00a0se lanz\u00f3 en 2022. Las Notas de Salida son maracuy\u00e1 (fruta de la pasi\u00f3n), notas oz\u00f3nicas y mandarina; las Notas de Coraz\u00f3n son frambuesa, rosa, flor de azahar del naranjo y sal de mar; las Notas de Fondo son pralin\u00e9, t\u00f3fe, vainilla y almizcle.<\/p>\n","protected":false},"excerpt":{"rendered":"<p><b>Sakeena<\/b>\u00a0de\u00a0<b>Lattafa Perfumes<\/b>\u00a0es una fragancia de la familia olfativa Floral Frutal Gourmand para Mujeres. Esta fragrancia es nueva.\u00a0<b>Sakeena<\/b>\u00a0se lanz\u00f3 en 2022. Las Notas de Salida son maracuy\u00e1 (fruta de la pasi\u00f3n), notas oz\u00f3nicas y mandarina; las Notas de Coraz\u00f3n son frambuesa, rosa, flor de azahar del naranjo y sal de mar; las Notas de Fondo son pralin\u00e9, t\u00f3fe, vainilla y almizcle.<\/p>\n","protected":false},"featured_media":441,"comment_status":"open","ping_status":"closed","template":"","meta":{"site-sidebar-layout":"default","site-content-layout":"","ast-site-content-layout":"default","site-content-style":"default","site-sidebar-style":"default","ast-global-header-display":"","ast-banner-title-visibility":"","ast-main-header-display":"","ast-hfb-above-header-display":"","ast-hfb-below-header-display":"","ast-hfb-mobile-header-display":"","site-post-title":"","ast-breadcrumbs-content":"","ast-featured-img":"","footer-sml-layout":"","theme-transparent-header-meta":"default","adv-header-id-meta":"","stick-header-meta":"","header-above-stick-meta":"","header-main-stick-meta":"","header-below-stick-meta":"","astra-migrate-meta-layouts":"set","ast-page-background-enabled":"default","ast-page-background-meta":{"desktop":{"background-color":"var(--ast-global-color-4)","background-image":"","background-repeat":"repeat","background-position":"center center","background-size":"auto","background-attachment":"scroll","background-type":"","background-media":"","overlay-type":"","overlay-color":"","overlay-opacity":"","overlay-gradient":""},"tablet":{"background-color":"","background-image":"","background-repeat":"repeat","background-position":"center center","background-size":"auto","background-attachment":"scroll","background-type":"","background-media":"","overlay-type":"","overlay-color":"","overlay-opacity":"","overlay-gradient":""},"mobile":{"background-color":"","background-image":"","background-repeat":"repeat","background-position":"center center","background-size":"auto","background-attachment":"scroll","background-type":"","background-media":"","overlay-type":"","overlay-color":"","overlay-opacity":"","overlay-gradient":""}},"ast-content-background-meta":{"desktop":{"background-color":"var(--ast-global-color-5)","background-image":"","background-repeat":"repeat","background-position":"center center","background-size":"auto","background-attachment":"scroll","background-type":"","background-media":"","overlay-type":"","overlay-color":"","overlay-opacity":"","overlay-gradient":""},"tablet":{"background-color":"var(--ast-global-color-5)","background-image":"","background-repeat":"repeat","background-position":"center center","background-size":"auto","background-attachment":"scroll","background-type":"","background-media":"","overlay-type":"","overlay-color":"","overlay-opacity":"","overlay-gradient":""},"mobile":{"background-color":"var(--ast-global-color-5)","background-image":"","background-repeat":"repeat","background-position":"center center","background-size":"auto","background-attachment":"scroll","background-type":"","background-media":"","overlay-type":"","overlay-color":"","overlay-opacity":"","overlay-gradient":""}},"_joinchat":[]},"product_brand":[],"product_cat":[22],"product_tag":[21],"class_list":{"0":"post-440","1":"product","2":"type-product","3":"status-publish","4":"has-post-thumbnail","6":"product_cat-perfumearabe","7":"product_tag-perfumearabe","8":"desktop-align-left","9":"tablet-align-left","10":"mobile-align-left","12":"first","13":"instock","14":"shipping-taxable","15":"purchasable","16":"product-type-simple"},"_links":{"self":[{"href":"https:\/\/fraganciahuelva.com\/index.php\/wp-json\/wp\/v2\/product\/440","targetHints":{"allow":["GET"]}}],"collection":[{"href":"https:\/\/fraganciahuelva.com\/index.php\/wp-json\/wp\/v2\/product"}],"about":[{"href":"https:\/\/fraganciahuelva.com\/index.php\/wp-json\/wp\/v2\/types\/product"}],"replies":[{"embeddable":true,"href":"https:\/\/fraganciahuelva.com\/index.php\/wp-json\/wp\/v2\/comments?post=440"}],"wp:featuredmedia":[{"embeddable":true,"href":"https:\/\/fraganciahuelva.com\/index.php\/wp-json\/wp\/v2\/media\/441"}],"wp:attachment":[{"href":"https:\/\/fraganciahuelva.com\/index.php\/wp-json\/wp\/v2\/media?parent=440"}],"wp:term":[{"taxonomy":"product_brand","embeddable":true,"href":"https:\/\/fraganciahuelva.com\/index.php\/wp-json\/wp\/v2\/product_brand?post=440"},{"taxonomy":"product_cat","embeddable":true,"href":"https:\/\/fraganciahuelva.com\/index.php\/wp-json\/wp\/v2\/product_cat?post=440"},{"taxonomy":"product_tag","embeddable":true,"href":"https:\/\/fraganciahuelva.com\/index.php\/wp-json\/wp\/v2\/product_tag?post=440"}],"curies":[{"name":"wp","href":"https:\/\/api.w.org\/{rel}","templated":true}]}}