{"id":442,"date":"2024-04-07T14:23:20","date_gmt":"2024-04-07T12:23:20","guid":{"rendered":"https:\/\/fraganciahuelva.com\/?post_type=product&#038;p=442"},"modified":"2024-04-07T14:23:41","modified_gmt":"2024-04-07T12:23:41","slug":"lattafa-perfume-arabe-haya-edp","status":"publish","type":"product","link":"https:\/\/fraganciahuelva.com\/index.php\/producto\/lattafa-perfume-arabe-haya-edp\/","title":{"rendered":"Lattafa- Perfume \u00c1Rabe Haya Edp"},"content":{"rendered":"<p>Descubre la esencia de la verdadera sofisticaci\u00f3n con<strong>\u00a0Lattafa Haya<\/strong>, una fragancia femenina que te sumerge en un aut\u00e9ntico ambiente de lujo. Esta fragancia es una combinaci\u00f3n \u00fanica de dulzura y frescura que desvela las principales\u00a0<strong>notas florales<\/strong>\u00a0de su fragancia.<\/p>\n<p>En las notas superiores, se despliegan acordes frescos y dulces que se entrelazan con el coraz\u00f3n floral, otorgando al perfume una calidez y feminidad incomparables. Las notas de base confieren a la fragancia una composici\u00f3n floral duradera y especial.<\/p>\n<p><strong>Lattafa Haya<\/strong>\u00a0se distingue por su aroma sutil pero perceptible. Su envase y dise\u00f1o de botella son verdaderamente lujosos, lo que convierte a estos perfumes en un regalo excepcional. Tambi\u00e9n son una elecci\u00f3n perfecta para el uso diario, ya que proporcionan frescura y energ\u00eda durante todo el d\u00eda.<\/p>\n<p><strong>Lattafa Haya<\/strong>\u00a0es una fragancia realmente lujosa, tentadora y sutil que sin duda atraer\u00e1 numerosos elogios. Prueba estos perfumes y experimenta su belleza y elegancia incomparables.<\/p>\n<p><strong>Notas de salida: champ\u00e1n de rosas, bayas rosadas, naranja, mandarina, fresia rosa.<\/strong><\/p>\n<p><strong>Notas de coraz\u00f3n: gardenias, orqu\u00eddeas de vainilla, jazm\u00edn.<\/strong><\/p>\n<p><strong>Notas de fondo: pralin\u00e9, \u00e1mbar, s\u00e1ndalo<\/strong>.<\/p>\n<p>Recomendado para su uso en cualquier momento.\u00a0<strong>Perfume HAYA, de Lattafa<\/strong>. Haya de Lattafa es una<strong>\u00a0fragancia<\/strong>\u00a0dulce, fresca y floral\u00a0<strong>para mujeres.<\/strong>\u00a0Hecha para una mujer de pura clase. Una fragancia que llamar\u00e1 la atenci\u00f3n de muchos. Adecuada para la oficina y ocasiones especiales. Las notas de fragancia son \u00fanicas y la convierten en una fragancia de nicho.<\/p>\n","protected":false},"excerpt":{"rendered":"<p>Descubre la esencia de la verdadera sofisticaci\u00f3n con<strong>\u00a0Lattafa Haya<\/strong>, una fragancia femenina que te sumerge en un aut\u00e9ntico ambiente de lujo. Esta fragancia es una combinaci\u00f3n \u00fanica de dulzura y frescura que desvela las principales\u00a0<strong>notas florales<\/strong>\u00a0de su fragancia.<\/p>\n<p>En las notas superiores, se despliegan acordes frescos y dulces que se entrelazan con el coraz\u00f3n floral, otorgando al perfume una calidez y feminidad incomparables. Las notas de base confieren a la fragancia una composici\u00f3n floral duradera y especial.<\/p>\n<p><strong>Lattafa Haya<\/strong>\u00a0se distingue por su aroma sutil pero perceptible. Su envase y dise\u00f1o de botella son verdaderamente lujosos, lo que convierte a estos perfumes en un regalo excepcional. Tambi\u00e9n son una elecci\u00f3n perfecta para el uso diario, ya que proporcionan frescura y energ\u00eda durante todo el d\u00eda.<\/p>\n<p><strong>Lattafa Haya<\/strong>\u00a0es una fragancia realmente lujosa, tentadora y sutil que sin duda atraer\u00e1 numerosos elogios. Prueba estos perfumes y experimenta su belleza y elegancia incomparables.<\/p>\n<p><strong>Notas de salida: champ\u00e1n de rosas, bayas rosadas, naranja, mandarina, fresia rosa.<\/strong><\/p>\n<p><strong>Notas de coraz\u00f3n: gardenias, orqu\u00eddeas de vainilla, jazm\u00edn.<\/strong><\/p>\n<p><strong>Notas de fondo: pralin\u00e9, \u00e1mbar, s\u00e1ndalo<\/strong>.<\/p>\n<p>Recomendado para su uso en cualquier momento.\u00a0<strong>Perfume HAYA, de Lattafa<\/strong>. Haya de Lattafa es una<strong>\u00a0fragancia<\/strong>\u00a0dulce, fresca y floral\u00a0<strong>para mujeres.<\/strong>\u00a0Hecha para una mujer de pura clase. Una fragancia que llamar\u00e1 la atenci\u00f3n de muchos. Adecuada para la oficina y ocasiones especiales. Las notas de fragancia son \u00fanicas y la convierten en una fragancia de nicho.<\/p>\n","protected":false},"featured_media":443,"comment_status":"open","ping_status":"closed","template":"","meta":{"site-sidebar-layout":"default","site-content-layout":"","ast-site-content-layout":"default","site-content-style":"default","site-sidebar-style":"default","ast-global-header-display":"","ast-banner-title-visibility":"","ast-main-header-display":"","ast-hfb-above-header-display":"","ast-hfb-below-header-display":"","ast-hfb-mobile-header-display":"","site-post-title":"","ast-breadcrumbs-content":"","ast-featured-img":"","footer-sml-layout":"","theme-transparent-header-meta":"default","adv-header-id-meta":"","stick-header-meta":"","header-above-stick-meta":"","header-main-stick-meta":"","header-below-stick-meta":"","astra-migrate-meta-layouts":"set","ast-page-background-enabled":"default","ast-page-background-meta":{"desktop":{"background-color":"var(--ast-global-color-4)","background-image":"","background-repeat":"repeat","background-position":"center center","background-size":"auto","background-attachment":"scroll","background-type":"","background-media":"","overlay-type":"","overlay-color":"","overlay-opacity":"","overlay-gradient":""},"tablet":{"background-color":"","background-image":"","background-repeat":"repeat","background-position":"center center","background-size":"auto","background-attachment":"scroll","background-type":"","background-media":"","overlay-type":"","overlay-color":"","overlay-opacity":"","overlay-gradient":""},"mobile":{"background-color":"","background-image":"","background-repeat":"repeat","background-position":"center center","background-size":"auto","background-attachment":"scroll","background-type":"","background-media":"","overlay-type":"","overlay-color":"","overlay-opacity":"","overlay-gradient":""}},"ast-content-background-meta":{"desktop":{"background-color":"var(--ast-global-color-5)","background-image":"","background-repeat":"repeat","background-position":"center center","background-size":"auto","background-attachment":"scroll","background-type":"","background-media":"","overlay-type":"","overlay-color":"","overlay-opacity":"","overlay-gradient":""},"tablet":{"background-color":"var(--ast-global-color-5)","background-image":"","background-repeat":"repeat","background-position":"center center","background-size":"auto","background-attachment":"scroll","background-type":"","background-media":"","overlay-type":"","overlay-color":"","overlay-opacity":"","overlay-gradient":""},"mobile":{"background-color":"var(--ast-global-color-5)","background-image":"","background-repeat":"repeat","background-position":"center center","background-size":"auto","background-attachment":"scroll","background-type":"","background-media":"","overlay-type":"","overlay-color":"","overlay-opacity":"","overlay-gradient":""}},"_joinchat":[]},"product_brand":[],"product_cat":[22],"product_tag":[21],"class_list":{"0":"post-442","1":"product","2":"type-product","3":"status-publish","4":"has-post-thumbnail","6":"product_cat-perfumearabe","7":"product_tag-perfumearabe","8":"desktop-align-left","9":"tablet-align-left","10":"mobile-align-left","12":"first","13":"instock","14":"shipping-taxable","15":"purchasable","16":"product-type-simple"},"_links":{"self":[{"href":"https:\/\/fraganciahuelva.com\/index.php\/wp-json\/wp\/v2\/product\/442","targetHints":{"allow":["GET"]}}],"collection":[{"href":"https:\/\/fraganciahuelva.com\/index.php\/wp-json\/wp\/v2\/product"}],"about":[{"href":"https:\/\/fraganciahuelva.com\/index.php\/wp-json\/wp\/v2\/types\/product"}],"replies":[{"embeddable":true,"href":"https:\/\/fraganciahuelva.com\/index.php\/wp-json\/wp\/v2\/comments?post=442"}],"wp:featuredmedia":[{"embeddable":true,"href":"https:\/\/fraganciahuelva.com\/index.php\/wp-json\/wp\/v2\/media\/443"}],"wp:attachment":[{"href":"https:\/\/fraganciahuelva.com\/index.php\/wp-json\/wp\/v2\/media?parent=442"}],"wp:term":[{"taxonomy":"product_brand","embeddable":true,"href":"https:\/\/fraganciahuelva.com\/index.php\/wp-json\/wp\/v2\/product_brand?post=442"},{"taxonomy":"product_cat","embeddable":true,"href":"https:\/\/fraganciahuelva.com\/index.php\/wp-json\/wp\/v2\/product_cat?post=442"},{"taxonomy":"product_tag","embeddable":true,"href":"https:\/\/fraganciahuelva.com\/index.php\/wp-json\/wp\/v2\/product_tag?post=442"}],"curies":[{"name":"wp","href":"https:\/\/api.w.org\/{rel}","templated":true}]}}