{"id":444,"date":"2024-04-07T14:28:23","date_gmt":"2024-04-07T12:28:23","guid":{"rendered":"https:\/\/fraganciahuelva.com\/?post_type=product&#038;p=444"},"modified":"2024-04-07T14:29:08","modified_gmt":"2024-04-07T12:29:08","slug":"ard-al-zaafaran-fakhar-women-lattafa","status":"publish","type":"product","link":"https:\/\/fraganciahuelva.com\/index.php\/producto\/ard-al-zaafaran-fakhar-women-lattafa\/","title":{"rendered":"ARD AL ZAAFARAN &#8211; FAKHAR WOMEN &#8211; LATTAFA &#8211;"},"content":{"rendered":"<p style=\"font-weight: 400;\">fakhar para mujer es una fragancia floral c\u00e1lida con delicadas notas gourmand.<\/p>\n<p style=\"font-weight: 400;\">Ligeramente afrutada y llena de ligereza, la fragancia se abre con notas altas de aldeh\u00eddos, lirio, granada y notas afrutadas.<\/p>\n<p style=\"font-weight: 400;\">La sensual nota de coraz\u00f3n deleita con notas florales de rosas, jazm\u00edn, madreselva, nardos, ylang-ylang, peon\u00edas y gardenias.<\/p>\n<p style=\"font-weight: 400;\">La base de vainilla, s\u00e1ndalo, ambroxan y almizcle blanco proporcionan un h\u00e1bil final.<\/p>\n<p style=\"font-weight: 400;\">Fakhar para mujer es una mezcla perfecta de notas gourmand y flores blancas.<\/p>\n<p style=\"font-weight: 400;\">Esta fragancia cautivadora y sensual envuelve a quien la lleva en una nube de notas florales y deliciosas. La fragancia es muy adecuada para todas las ocasiones, pero en nuestra opini\u00f3n es mejor por la noche o en ocasiones festivas.<\/p>\n<p style=\"font-weight: 400;\">Acuerdos principales: floral, flores blancas, nardo, atalcado, dulce, afrutado, almizcle blanco, vainilla<\/p>\n<p style=\"font-weight: 400;\"><b><strong>Notas Olfativas<\/strong><\/b><\/p>\n<p style=\"font-weight: 400;\"><b><strong>Notas de cabeza:\u00a0<\/strong><\/b>aldeh\u00eddos, lirio, granada, notas frutales<\/p>\n<p style=\"font-weight: 400;\"><b><strong>Notas de coraz\u00f3n:<\/strong><\/b>\u00a0rosas, jazm\u00edn, madreselva, nardos, ylang-ylang, peon\u00edas, gardenias<\/p>\n<p style=\"font-weight: 400;\"><b><strong>Notas de fondo:\u00a0<\/strong><\/b>vainilla, s\u00e1ndalo, ambroxan, almizcle blanco<\/p>\n","protected":false},"excerpt":{"rendered":"<p style=\"font-weight: 400;\">fakhar para mujer es una fragancia floral c\u00e1lida con delicadas notas gourmand.<\/p>\n<p style=\"font-weight: 400;\">Ligeramente afrutada y llena de ligereza, la fragancia se abre con notas altas de aldeh\u00eddos, lirio, granada y notas afrutadas.<\/p>\n<p style=\"font-weight: 400;\">La sensual nota de coraz\u00f3n deleita con notas florales de rosas, jazm\u00edn, madreselva, nardos, ylang-ylang, peon\u00edas y gardenias.<\/p>\n<p style=\"font-weight: 400;\">La base de vainilla, s\u00e1ndalo, ambroxan y almizcle blanco proporcionan un h\u00e1bil final.<\/p>\n<p style=\"font-weight: 400;\">Fakhar para mujer es una mezcla perfecta de notas gourmand y flores blancas.<\/p>\n<p style=\"font-weight: 400;\">Esta fragancia cautivadora y sensual envuelve a quien la lleva en una nube de notas florales y deliciosas. La fragancia es muy adecuada para todas las ocasiones, pero en nuestra opini\u00f3n es mejor por la noche o en ocasiones festivas.<\/p>\n<p style=\"font-weight: 400;\">Acuerdos principales: floral, flores blancas, nardo, atalcado, dulce, afrutado, almizcle blanco, vainilla<\/p>\n<p style=\"font-weight: 400;\"><b><strong>Notas Olfativas<\/strong><\/b><\/p>\n<p style=\"font-weight: 400;\"><b><strong>Notas de cabeza:\u00a0<\/strong><\/b>aldeh\u00eddos, lirio, granada, notas frutales<\/p>\n<p style=\"font-weight: 400;\"><b><strong>Notas de coraz\u00f3n:<\/strong><\/b>\u00a0rosas, jazm\u00edn, madreselva, nardos, ylang-ylang, peon\u00edas, gardenias<\/p>\n<p style=\"font-weight: 400;\"><b><strong>Notas de fondo:\u00a0<\/strong><\/b>vainilla, s\u00e1ndalo, ambroxan, almizcle blanco<\/p>\n","protected":false},"featured_media":445,"comment_status":"open","ping_status":"closed","template":"","meta":{"site-sidebar-layout":"default","site-content-layout":"","ast-site-content-layout":"default","site-content-style":"default","site-sidebar-style":"default","ast-global-header-display":"","ast-banner-title-visibility":"","ast-main-header-display":"","ast-hfb-above-header-display":"","ast-hfb-below-header-display":"","ast-hfb-mobile-header-display":"","site-post-title":"","ast-breadcrumbs-content":"","ast-featured-img":"","footer-sml-layout":"","theme-transparent-header-meta":"default","adv-header-id-meta":"","stick-header-meta":"","header-above-stick-meta":"","header-main-stick-meta":"","header-below-stick-meta":"","astra-migrate-meta-layouts":"set","ast-page-background-enabled":"default","ast-page-background-meta":{"desktop":{"background-color":"var(--ast-global-color-4)","background-image":"","background-repeat":"repeat","background-position":"center center","background-size":"auto","background-attachment":"scroll","background-type":"","background-media":"","overlay-type":"","overlay-color":"","overlay-opacity":"","overlay-gradient":""},"tablet":{"background-color":"","background-image":"","background-repeat":"repeat","background-position":"center center","background-size":"auto","background-attachment":"scroll","background-type":"","background-media":"","overlay-type":"","overlay-color":"","overlay-opacity":"","overlay-gradient":""},"mobile":{"background-color":"","background-image":"","background-repeat":"repeat","background-position":"center center","background-size":"auto","background-attachment":"scroll","background-type":"","background-media":"","overlay-type":"","overlay-color":"","overlay-opacity":"","overlay-gradient":""}},"ast-content-background-meta":{"desktop":{"background-color":"var(--ast-global-color-5)","background-image":"","background-repeat":"repeat","background-position":"center center","background-size":"auto","background-attachment":"scroll","background-type":"","background-media":"","overlay-type":"","overlay-color":"","overlay-opacity":"","overlay-gradient":""},"tablet":{"background-color":"var(--ast-global-color-5)","background-image":"","background-repeat":"repeat","background-position":"center center","background-size":"auto","background-attachment":"scroll","background-type":"","background-media":"","overlay-type":"","overlay-color":"","overlay-opacity":"","overlay-gradient":""},"mobile":{"background-color":"var(--ast-global-color-5)","background-image":"","background-repeat":"repeat","background-position":"center center","background-size":"auto","background-attachment":"scroll","background-type":"","background-media":"","overlay-type":"","overlay-color":"","overlay-opacity":"","overlay-gradient":""}},"_joinchat":[]},"product_brand":[],"product_cat":[22],"product_tag":[21],"class_list":{"0":"post-444","1":"product","2":"type-product","3":"status-publish","4":"has-post-thumbnail","6":"product_cat-perfumearabe","7":"product_tag-perfumearabe","8":"desktop-align-left","9":"tablet-align-left","10":"mobile-align-left","12":"first","13":"instock","14":"shipping-taxable","15":"purchasable","16":"product-type-simple"},"_links":{"self":[{"href":"https:\/\/fraganciahuelva.com\/index.php\/wp-json\/wp\/v2\/product\/444","targetHints":{"allow":["GET"]}}],"collection":[{"href":"https:\/\/fraganciahuelva.com\/index.php\/wp-json\/wp\/v2\/product"}],"about":[{"href":"https:\/\/fraganciahuelva.com\/index.php\/wp-json\/wp\/v2\/types\/product"}],"replies":[{"embeddable":true,"href":"https:\/\/fraganciahuelva.com\/index.php\/wp-json\/wp\/v2\/comments?post=444"}],"wp:featuredmedia":[{"embeddable":true,"href":"https:\/\/fraganciahuelva.com\/index.php\/wp-json\/wp\/v2\/media\/445"}],"wp:attachment":[{"href":"https:\/\/fraganciahuelva.com\/index.php\/wp-json\/wp\/v2\/media?parent=444"}],"wp:term":[{"taxonomy":"product_brand","embeddable":true,"href":"https:\/\/fraganciahuelva.com\/index.php\/wp-json\/wp\/v2\/product_brand?post=444"},{"taxonomy":"product_cat","embeddable":true,"href":"https:\/\/fraganciahuelva.com\/index.php\/wp-json\/wp\/v2\/product_cat?post=444"},{"taxonomy":"product_tag","embeddable":true,"href":"https:\/\/fraganciahuelva.com\/index.php\/wp-json\/wp\/v2\/product_tag?post=444"}],"curies":[{"name":"wp","href":"https:\/\/api.w.org\/{rel}","templated":true}]}}